{"id":540,"date":"2021-11-15T20:16:34","date_gmt":"2021-11-15T23:16:34","guid":{"rendered":"https:\/\/greenyellow-lyrebird-156652.hostingersite.com\/?page_id=540"},"modified":"2022-02-11T18:09:12","modified_gmt":"2022-02-11T21:09:12","slug":"procedimentos-e-tratamentos","status":"publish","type":"page","link":"https:\/\/mundovascular.com.br\/?page_id=540","title":{"rendered":"Procedimentos e tratamentos"},"content":{"rendered":"","protected":false},"excerpt":{"rendered":"","protected":false},"author":1,"featured_media":0,"parent":0,"menu_order":0,"comment_status":"closed","ping_status":"closed","template":"","meta":{"_monsterinsights_skip_tracking":false,"_monsterinsights_sitenote_active":false,"_monsterinsights_sitenote_note":"","_monsterinsights_sitenote_category":0,"_joinchat":{"view":"yes"},"footnotes":""},"class_list":["post-540","page","type-page","status-publish","hentry"],"yoast_head":"<!-- This site is optimized with the Yoast SEO plugin v27.4 - https:\/\/yoast.com\/product\/yoast-seo-wordpress\/ -->\n<title>Procedimentos e tratamentos - Dr. \u00cdtalo Abreu<\/title>\n<meta name=\"description\" content=\"Procedimentos e tratamentos para cirurgia de varizes e doen\u00e7as vasculares com t\u00e9cnicas minimamente invasivas. Saiba mais aqui!\" \/>\n<meta name=\"robots\" content=\"index, follow, max-snippet:-1, max-image-preview:large, max-video-preview:-1\" \/>\n<link rel=\"canonical\" href=\"https:\/\/mundovascular.com.br\/?page_id=540\" \/>\n<meta property=\"og:locale\" content=\"en_US\" \/>\n<meta property=\"og:type\" content=\"article\" \/>\n<meta property=\"og:title\" content=\"Procedimentos e tratamentos - Dr. \u00cdtalo Abreu\" \/>\n<meta property=\"og:description\" content=\"Procedimentos e tratamentos para cirurgia de varizes e doen\u00e7as vasculares com t\u00e9cnicas minimamente invasivas. Saiba mais aqui!\" \/>\n<meta property=\"og:url\" content=\"https:\/\/mundovascular.com.br\/?page_id=540\" \/>\n<meta property=\"og:site_name\" content=\"Dr. \u00cdtalo Abreu\" \/>\n<meta property=\"article:modified_time\" content=\"2022-02-11T21:09:12+00:00\" \/>\n<meta name=\"twitter:card\" content=\"summary_large_image\" \/>\n<script type=\"application\/ld+json\" class=\"yoast-schema-graph\">{\"@context\":\"https:\\\/\\\/schema.org\",\"@graph\":[{\"@type\":\"WebPage\",\"@id\":\"https:\\\/\\\/mundovascular.com.br\\\/?page_id=540\",\"url\":\"https:\\\/\\\/mundovascular.com.br\\\/?page_id=540\",\"name\":\"Procedimentos e tratamentos - Dr. \u00cdtalo Abreu\",\"isPartOf\":{\"@id\":\"https:\\\/\\\/mundovascular.com.br\\\/#website\"},\"datePublished\":\"2021-11-15T23:16:34+00:00\",\"dateModified\":\"2022-02-11T21:09:12+00:00\",\"description\":\"Procedimentos e tratamentos para cirurgia de varizes e doen\u00e7as vasculares com t\u00e9cnicas minimamente invasivas. Saiba mais aqui!\",\"breadcrumb\":{\"@id\":\"https:\\\/\\\/mundovascular.com.br\\\/?page_id=540#breadcrumb\"},\"inLanguage\":\"en-US\",\"potentialAction\":[{\"@type\":\"ReadAction\",\"target\":[\"https:\\\/\\\/mundovascular.com.br\\\/?page_id=540\"]}]},{\"@type\":\"BreadcrumbList\",\"@id\":\"https:\\\/\\\/mundovascular.com.br\\\/?page_id=540#breadcrumb\",\"itemListElement\":[{\"@type\":\"ListItem\",\"position\":1,\"name\":\"Home\",\"item\":\"https:\\\/\\\/mundovascular.com.br\\\/\"},{\"@type\":\"ListItem\",\"position\":2,\"name\":\"Procedimentos e tratamentos\"}]},{\"@type\":\"WebSite\",\"@id\":\"https:\\\/\\\/mundovascular.com.br\\\/#website\",\"url\":\"https:\\\/\\\/mundovascular.com.br\\\/\",\"name\":\"Dr. \u00cdtalo Abreu\",\"description\":\"M\u00e9dico Crirugi\u00e3o Vascular\",\"publisher\":{\"@id\":\"https:\\\/\\\/mundovascular.com.br\\\/#\\\/schema\\\/person\\\/8cadb04535e5c02d9bb55063e53fef5e\"},\"potentialAction\":[{\"@type\":\"SearchAction\",\"target\":{\"@type\":\"EntryPoint\",\"urlTemplate\":\"https:\\\/\\\/mundovascular.com.br\\\/?s={search_term_string}\"},\"query-input\":{\"@type\":\"PropertyValueSpecification\",\"valueRequired\":true,\"valueName\":\"search_term_string\"}}],\"inLanguage\":\"en-US\"},{\"@type\":[\"Person\",\"Organization\"],\"@id\":\"https:\\\/\\\/mundovascular.com.br\\\/#\\\/schema\\\/person\\\/8cadb04535e5c02d9bb55063e53fef5e\",\"name\":\"mundovascular\",\"image\":{\"@type\":\"ImageObject\",\"inLanguage\":\"en-US\",\"@id\":\"https:\\\/\\\/greenyellow-lyrebird-156652.hostingersite.com\\\/wp-content\\\/uploads\\\/2021\\\/06\\\/italoLOGO.-ATUAL.png\",\"url\":\"https:\\\/\\\/greenyellow-lyrebird-156652.hostingersite.com\\\/wp-content\\\/uploads\\\/2021\\\/06\\\/italoLOGO.-ATUAL.png\",\"contentUrl\":\"https:\\\/\\\/greenyellow-lyrebird-156652.hostingersite.com\\\/wp-content\\\/uploads\\\/2021\\\/06\\\/italoLOGO.-ATUAL.png\",\"width\":842,\"height\":595,\"caption\":\"mundovascular\"},\"logo\":{\"@id\":\"https:\\\/\\\/greenyellow-lyrebird-156652.hostingersite.com\\\/wp-content\\\/uploads\\\/2021\\\/06\\\/italoLOGO.-ATUAL.png\"},\"sameAs\":[\"https:\\\/\\\/greenyellow-lyrebird-156652.hostingersite.com\"]}]}<\/script>\n<!-- \/ Yoast SEO plugin. -->","yoast_head_json":{"title":"Procedimentos e tratamentos - Dr. \u00cdtalo Abreu","description":"Procedimentos e tratamentos para cirurgia de varizes e doen\u00e7as vasculares com t\u00e9cnicas minimamente invasivas. Saiba mais aqui!","robots":{"index":"index","follow":"follow","max-snippet":"max-snippet:-1","max-image-preview":"max-image-preview:large","max-video-preview":"max-video-preview:-1"},"canonical":"https:\/\/mundovascular.com.br\/?page_id=540","og_locale":"en_US","og_type":"article","og_title":"Procedimentos e tratamentos - Dr. \u00cdtalo Abreu","og_description":"Procedimentos e tratamentos para cirurgia de varizes e doen\u00e7as vasculares com t\u00e9cnicas minimamente invasivas. Saiba mais aqui!","og_url":"https:\/\/mundovascular.com.br\/?page_id=540","og_site_name":"Dr. \u00cdtalo Abreu","article_modified_time":"2022-02-11T21:09:12+00:00","twitter_card":"summary_large_image","schema":{"@context":"https:\/\/schema.org","@graph":[{"@type":"WebPage","@id":"https:\/\/mundovascular.com.br\/?page_id=540","url":"https:\/\/mundovascular.com.br\/?page_id=540","name":"Procedimentos e tratamentos - Dr. \u00cdtalo Abreu","isPartOf":{"@id":"https:\/\/mundovascular.com.br\/#website"},"datePublished":"2021-11-15T23:16:34+00:00","dateModified":"2022-02-11T21:09:12+00:00","description":"Procedimentos e tratamentos para cirurgia de varizes e doen\u00e7as vasculares com t\u00e9cnicas minimamente invasivas. Saiba mais aqui!","breadcrumb":{"@id":"https:\/\/mundovascular.com.br\/?page_id=540#breadcrumb"},"inLanguage":"en-US","potentialAction":[{"@type":"ReadAction","target":["https:\/\/mundovascular.com.br\/?page_id=540"]}]},{"@type":"BreadcrumbList","@id":"https:\/\/mundovascular.com.br\/?page_id=540#breadcrumb","itemListElement":[{"@type":"ListItem","position":1,"name":"Home","item":"https:\/\/mundovascular.com.br\/"},{"@type":"ListItem","position":2,"name":"Procedimentos e tratamentos"}]},{"@type":"WebSite","@id":"https:\/\/mundovascular.com.br\/#website","url":"https:\/\/mundovascular.com.br\/","name":"Dr. \u00cdtalo Abreu","description":"M\u00e9dico Crirugi\u00e3o Vascular","publisher":{"@id":"https:\/\/mundovascular.com.br\/#\/schema\/person\/8cadb04535e5c02d9bb55063e53fef5e"},"potentialAction":[{"@type":"SearchAction","target":{"@type":"EntryPoint","urlTemplate":"https:\/\/mundovascular.com.br\/?s={search_term_string}"},"query-input":{"@type":"PropertyValueSpecification","valueRequired":true,"valueName":"search_term_string"}}],"inLanguage":"en-US"},{"@type":["Person","Organization"],"@id":"https:\/\/mundovascular.com.br\/#\/schema\/person\/8cadb04535e5c02d9bb55063e53fef5e","name":"mundovascular","image":{"@type":"ImageObject","inLanguage":"en-US","@id":"https:\/\/greenyellow-lyrebird-156652.hostingersite.com\/wp-content\/uploads\/2021\/06\/italoLOGO.-ATUAL.png","url":"https:\/\/greenyellow-lyrebird-156652.hostingersite.com\/wp-content\/uploads\/2021\/06\/italoLOGO.-ATUAL.png","contentUrl":"https:\/\/greenyellow-lyrebird-156652.hostingersite.com\/wp-content\/uploads\/2021\/06\/italoLOGO.-ATUAL.png","width":842,"height":595,"caption":"mundovascular"},"logo":{"@id":"https:\/\/greenyellow-lyrebird-156652.hostingersite.com\/wp-content\/uploads\/2021\/06\/italoLOGO.-ATUAL.png"},"sameAs":["https:\/\/greenyellow-lyrebird-156652.hostingersite.com"]}]}},"_hostinger_reach_plugin_has_subscription_block":false,"_hostinger_reach_plugin_is_elementor":false,"_links":{"self":[{"href":"https:\/\/mundovascular.com.br\/index.php?rest_route=\/wp\/v2\/pages\/540","targetHints":{"allow":["GET"]}}],"collection":[{"href":"https:\/\/mundovascular.com.br\/index.php?rest_route=\/wp\/v2\/pages"}],"about":[{"href":"https:\/\/mundovascular.com.br\/index.php?rest_route=\/wp\/v2\/types\/page"}],"author":[{"embeddable":true,"href":"https:\/\/mundovascular.com.br\/index.php?rest_route=\/wp\/v2\/users\/1"}],"replies":[{"embeddable":true,"href":"https:\/\/mundovascular.com.br\/index.php?rest_route=%2Fwp%2Fv2%2Fcomments&post=540"}],"version-history":[{"count":1,"href":"https:\/\/mundovascular.com.br\/index.php?rest_route=\/wp\/v2\/pages\/540\/revisions"}],"predecessor-version":[{"id":542,"href":"https:\/\/mundovascular.com.br\/index.php?rest_route=\/wp\/v2\/pages\/540\/revisions\/542"}],"wp:attachment":[{"href":"https:\/\/mundovascular.com.br\/index.php?rest_route=%2Fwp%2Fv2%2Fmedia&parent=540"}],"curies":[{"name":"wp","href":"https:\/\/api.w.org\/{rel}","templated":true}]}}