{"id":122,"date":"2021-06-23T09:39:17","date_gmt":"2021-06-23T12:39:17","guid":{"rendered":"https:\/\/greenyellow-lyrebird-156652.hostingersite.com\/?page_id=122"},"modified":"2022-05-15T11:14:12","modified_gmt":"2022-05-15T14:14:12","slug":"blog-de-cirurgia-vascular","status":"publish","type":"page","link":"https:\/\/mundovascular.com.br\/?page_id=122","title":{"rendered":"Blog"},"content":{"rendered":"\t\t<div data-elementor-type=\"wp-page\" data-elementor-id=\"122\" class=\"elementor elementor-122\" data-elementor-post-type=\"page\">\n\t\t\t\t\t\t<section class=\"elementor-section elementor-top-section elementor-element elementor-element-53d93b49 elementor-section-boxed elementor-section-height-default elementor-section-height-default\" data-id=\"53d93b49\" data-element_type=\"section\" data-e-type=\"section\">\n\t\t\t\t\t\t<div class=\"elementor-container elementor-column-gap-default\">\n\t\t\t\t\t<div class=\"elementor-column elementor-col-100 elementor-top-column elementor-element elementor-element-15f9226c\" data-id=\"15f9226c\" data-element_type=\"column\" data-e-type=\"column\">\n\t\t\t<div class=\"elementor-widget-wrap elementor-element-populated\">\n\t\t\t\t\t\t<div class=\"elementor-element elementor-element-7ba83e7a elementor-widget elementor-widget-heading\" data-id=\"7ba83e7a\" data-element_type=\"widget\" data-e-type=\"widget\" data-widget_type=\"heading.default\">\n\t\t\t\t<div class=\"elementor-widget-container\">\n\t\t\t\t\t<h2 class=\"elementor-heading-title elementor-size-default\">Publica\u00e7\u00f5es e Artigos recentes:<\/h2>\t\t\t\t<\/div>\n\t\t\t\t<\/div>\n\t\t\t\t<div class=\"elementor-element elementor-element-77acdad5 elementor-widget elementor-widget-spacer\" data-id=\"77acdad5\" data-element_type=\"widget\" data-e-type=\"widget\" data-widget_type=\"spacer.default\">\n\t\t\t\t<div class=\"elementor-widget-container\">\n\t\t\t\t\t\t\t<div class=\"elementor-spacer\">\n\t\t\t<div class=\"elementor-spacer-inner\"><\/div>\n\t\t<\/div>\n\t\t\t\t\t\t<\/div>\n\t\t\t\t<\/div>\n\t\t\t\t<div class=\"elementor-element elementor-element-6421312 elementor-grid-3 elementor-grid-tablet-2 elementor-grid-mobile-1 elementor-posts--thumbnail-top elementor-widget elementor-widget-posts\" data-id=\"6421312\" data-element_type=\"widget\" data-e-type=\"widget\" data-settings=\"{&quot;classic_columns&quot;:&quot;3&quot;,&quot;classic_columns_tablet&quot;:&quot;2&quot;,&quot;classic_columns_mobile&quot;:&quot;1&quot;,&quot;classic_row_gap&quot;:{&quot;unit&quot;:&quot;px&quot;,&quot;size&quot;:35,&quot;sizes&quot;:[]},&quot;classic_row_gap_tablet&quot;:{&quot;unit&quot;:&quot;px&quot;,&quot;size&quot;:&quot;&quot;,&quot;sizes&quot;:[]},&quot;classic_row_gap_mobile&quot;:{&quot;unit&quot;:&quot;px&quot;,&quot;size&quot;:&quot;&quot;,&quot;sizes&quot;:[]}}\" data-widget_type=\"posts.classic\">\n\t\t\t\t<div class=\"elementor-widget-container\">\n\t\t\t\t\t\t\t<div class=\"elementor-posts-container elementor-posts elementor-posts--skin-classic elementor-grid\" role=\"list\">\n\t\t\t\t<article class=\"elementor-post elementor-grid-item post-4605 post type-post status-publish format-standard hentry category-sem-categoria\" role=\"listitem\">\n\t\t\t\t<div class=\"elementor-post__text\">\n\t\t\t\t<h2 class=\"elementor-post__title\">\n\t\t\t<a href=\"https:\/\/mundovascular.com.br\/?p=4605\" >\n\t\t\t\tOs 5 melhores alimentos para o colesterol e doen\u00e7as vasculares\t\t\t<\/a>\n\t\t<\/h2>\n\t\t\t\t<div class=\"elementor-post__excerpt\">\n\t\t\t<p>O LDL( Colesterol) e o risco de doen\u00e7as vasculares O controle do colesterol LDL \u00e9 um dos pilares na preven\u00e7\u00e3o das doen\u00e7as vasculares, como aterosclerose,<\/p>\n\t\t<\/div>\n\t\t\n\t\t<a class=\"elementor-post__read-more\" href=\"https:\/\/mundovascular.com.br\/?p=4605\" aria-label=\"Read more about Os 5 melhores alimentos para o colesterol e doen\u00e7as vasculares\" tabindex=\"-1\" >\n\t\t\tLer mais \u00bb\t\t<\/a>\n\n\t\t\t\t<\/div>\n\t\t\t\t<\/article>\n\t\t\t\t<article class=\"elementor-post elementor-grid-item post-4559 post type-post status-publish format-standard hentry category-sem-categoria\" role=\"listitem\">\n\t\t\t\t<div class=\"elementor-post__text\">\n\t\t\t\t<h2 class=\"elementor-post__title\">\n\t\t\t<a href=\"https:\/\/mundovascular.com.br\/?p=4559\" >\n\t\t\t\tQuando tratar os vasinhos e varizes?\t\t\t<\/a>\n\t\t<\/h2>\n\t\t\t\t<div class=\"elementor-post__excerpt\">\n\t\t\t<p>Vasinhos e varizes: devo tratar? De acordo com as diretrizes da Sociedade Europeia de Cirurgia Vascular, vasinhos (telangiectasias) s\u00e3o pequenas dilata\u00e7\u00f5es de vasos superficiais, geralmente<\/p>\n\t\t<\/div>\n\t\t\n\t\t<a class=\"elementor-post__read-more\" href=\"https:\/\/mundovascular.com.br\/?p=4559\" aria-label=\"Read more about Quando tratar os vasinhos e varizes?\" tabindex=\"-1\" >\n\t\t\tLer mais \u00bb\t\t<\/a>\n\n\t\t\t\t<\/div>\n\t\t\t\t<\/article>\n\t\t\t\t<article class=\"elementor-post elementor-grid-item post-4521 post type-post status-publish format-standard hentry category-sem-categoria\" role=\"listitem\">\n\t\t\t\t<div class=\"elementor-post__text\">\n\t\t\t\t<h2 class=\"elementor-post__title\">\n\t\t\t<a href=\"https:\/\/mundovascular.com.br\/?p=4521\" >\n\t\t\t\tMelhores alimentos para sa\u00fade vascular segundo estudos cient\u00edficos\t\t\t<\/a>\n\t\t<\/h2>\n\t\t\t\t<div class=\"elementor-post__excerpt\">\n\t\t\t<p>Melhores alimentos para sa\u00fade vascular segundo estudos cient\u00edficos Melhores alimentos para sa\u00fade vascular Manter a sa\u00fade vascular depende n\u00e3o s\u00f3 do controle de fatores de<\/p>\n\t\t<\/div>\n\t\t\n\t\t<a class=\"elementor-post__read-more\" href=\"https:\/\/mundovascular.com.br\/?p=4521\" aria-label=\"Read more about Melhores alimentos para sa\u00fade vascular segundo estudos cient\u00edficos\" tabindex=\"-1\" >\n\t\t\tLer mais \u00bb\t\t<\/a>\n\n\t\t\t\t<\/div>\n\t\t\t\t<\/article>\n\t\t\t\t<article class=\"elementor-post elementor-grid-item post-4483 post type-post status-publish format-standard hentry category-sem-categoria\" role=\"listitem\">\n\t\t\t\t<div class=\"elementor-post__text\">\n\t\t\t\t<h2 class=\"elementor-post__title\">\n\t\t\t<a href=\"https:\/\/mundovascular.com.br\/?p=4483\" >\n\t\t\t\tO m\u00e9dico mais bem avaliado da Cirurgia Vascular\t\t\t<\/a>\n\t\t<\/h2>\n\t\t\t\t<div class=\"elementor-post__excerpt\">\n\t\t\t<p>O M\u00e9dico Mais Bem Avaliado em Cirurgia Vascular: Conhe\u00e7a a Experi\u00eancia de Consulta com o Dr. \u00cdtalo Abreu Se voc\u00ea busca um atendimento humano, completo<\/p>\n\t\t<\/div>\n\t\t\n\t\t<a class=\"elementor-post__read-more\" href=\"https:\/\/mundovascular.com.br\/?p=4483\" aria-label=\"Read more about O m\u00e9dico mais bem avaliado da Cirurgia Vascular\" tabindex=\"-1\" >\n\t\t\tLer mais \u00bb\t\t<\/a>\n\n\t\t\t\t<\/div>\n\t\t\t\t<\/article>\n\t\t\t\t<article class=\"elementor-post elementor-grid-item post-4419 post type-post status-publish format-standard hentry category-sem-categoria\" role=\"listitem\">\n\t\t\t\t<div class=\"elementor-post__text\">\n\t\t\t\t<h2 class=\"elementor-post__title\">\n\t\t\t<a href=\"https:\/\/mundovascular.com.br\/?p=4419\" >\n\t\t\t\tRem\u00e9dios para varizes: vale a pena?\t\t\t<\/a>\n\t\t<\/h2>\n\t\t\t\t<div class=\"elementor-post__excerpt\">\n\t\t\t<p>Entendendo a causa das varizes As varizes s\u00e3o mais do que uma quest\u00e3o est\u00e9tica \u2014 elas indicam um problema na circula\u00e7\u00e3o que pode causar dor,<\/p>\n\t\t<\/div>\n\t\t\n\t\t<a class=\"elementor-post__read-more\" href=\"https:\/\/mundovascular.com.br\/?p=4419\" aria-label=\"Read more about Rem\u00e9dios para varizes: vale a pena?\" tabindex=\"-1\" >\n\t\t\tLer mais \u00bb\t\t<\/a>\n\n\t\t\t\t<\/div>\n\t\t\t\t<\/article>\n\t\t\t\t<article class=\"elementor-post elementor-grid-item post-4392 post type-post status-publish format-standard hentry category-sem-categoria\" role=\"listitem\">\n\t\t\t\t<div class=\"elementor-post__text\">\n\t\t\t\t<h2 class=\"elementor-post__title\">\n\t\t\t<a href=\"https:\/\/mundovascular.com.br\/?p=4392\" >\n\t\t\t\tVarizes e trombose venosa: tem mesmo rela\u00e7\u00e3o?\t\t\t<\/a>\n\t\t<\/h2>\n\t\t\t\t<div class=\"elementor-post__excerpt\">\n\t\t\t<p>O que s\u00e3o varizes e quando merecem aten\u00e7\u00e3o? As varizes s\u00e3o veias dilatadas e tortuosas que surgem principalmente nas pernas e p\u00e9s devido \u00e0 dificuldade<\/p>\n\t\t<\/div>\n\t\t\n\t\t<a class=\"elementor-post__read-more\" href=\"https:\/\/mundovascular.com.br\/?p=4392\" aria-label=\"Read more about Varizes e trombose venosa: tem mesmo rela\u00e7\u00e3o?\" tabindex=\"-1\" >\n\t\t\tLer mais \u00bb\t\t<\/a>\n\n\t\t\t\t<\/div>\n\t\t\t\t<\/article>\n\t\t\t\t<\/div>\n\t\t\n\t\t\t\t\t\t<\/div>\n\t\t\t\t<\/div>\n\t\t\t\t\t<\/div>\n\t\t<\/div>\n\t\t\t\t\t<\/div>\n\t\t<\/section>\n\t\t\t\t<\/div>\n\t\t","protected":false},"excerpt":{"rendered":"<p>Publica\u00e7\u00f5es e Artigos recentes:<\/p>\n","protected":false},"author":1,"featured_media":0,"parent":0,"menu_order":0,"comment_status":"closed","ping_status":"closed","template":"elementor_header_footer","meta":{"_monsterinsights_skip_tracking":false,"_monsterinsights_sitenote_active":false,"_monsterinsights_sitenote_note":"","_monsterinsights_sitenote_category":0,"_joinchat":[],"footnotes":""},"class_list":["post-122","page","type-page","status-publish","hentry"],"yoast_head":"<!-- This site is optimized with the Yoast SEO plugin v27.4 - https:\/\/yoast.com\/product\/yoast-seo-wordpress\/ -->\n<title>Blog - Dr. \u00cdtalo Abreu<\/title>\n<meta name=\"description\" content=\"O Blog de cirurgia vascular para retirar todas suas d\u00favidas! Nessa pagina voc\u00ea vai encontrar as melhores informa\u00e7\u00f5es em sa\u00fade vascular!\" \/>\n<meta name=\"robots\" content=\"index, follow, max-snippet:-1, max-image-preview:large, max-video-preview:-1\" \/>\n<link rel=\"canonical\" href=\"https:\/\/mundovascular.com.br\/?page_id=122\" \/>\n<meta property=\"og:locale\" content=\"en_US\" \/>\n<meta property=\"og:type\" content=\"article\" \/>\n<meta property=\"og:title\" content=\"Blog - Dr. \u00cdtalo Abreu\" \/>\n<meta property=\"og:description\" content=\"O Blog de cirurgia vascular para retirar todas suas d\u00favidas! Nessa pagina voc\u00ea vai encontrar as melhores informa\u00e7\u00f5es em sa\u00fade vascular!\" \/>\n<meta property=\"og:url\" content=\"https:\/\/mundovascular.com.br\/?page_id=122\" \/>\n<meta property=\"og:site_name\" content=\"Dr. \u00cdtalo Abreu\" \/>\n<meta property=\"article:modified_time\" content=\"2022-05-15T14:14:12+00:00\" \/>\n<meta name=\"twitter:card\" content=\"summary_large_image\" \/>\n<meta name=\"twitter:label1\" content=\"Est. reading time\" \/>\n\t<meta name=\"twitter:data1\" content=\"1 minute\" \/>\n<script type=\"application\/ld+json\" class=\"yoast-schema-graph\">{\"@context\":\"https:\\\/\\\/schema.org\",\"@graph\":[{\"@type\":[\"WebPage\",\"CollectionPage\"],\"@id\":\"https:\\\/\\\/mundovascular.com.br\\\/?page_id=122\",\"url\":\"https:\\\/\\\/mundovascular.com.br\\\/?page_id=122\",\"name\":\"Blog - Dr. \u00cdtalo Abreu\",\"isPartOf\":{\"@id\":\"https:\\\/\\\/mundovascular.com.br\\\/#website\"},\"datePublished\":\"2021-06-23T12:39:17+00:00\",\"dateModified\":\"2022-05-15T14:14:12+00:00\",\"description\":\"O Blog de cirurgia vascular para retirar todas suas d\u00favidas! Nessa pagina voc\u00ea vai encontrar as melhores informa\u00e7\u00f5es em sa\u00fade vascular!\",\"breadcrumb\":{\"@id\":\"https:\\\/\\\/mundovascular.com.br\\\/?page_id=122#breadcrumb\"},\"inLanguage\":\"en-US\"},{\"@type\":\"BreadcrumbList\",\"@id\":\"https:\\\/\\\/mundovascular.com.br\\\/?page_id=122#breadcrumb\",\"itemListElement\":[{\"@type\":\"ListItem\",\"position\":1,\"name\":\"Home\",\"item\":\"https:\\\/\\\/mundovascular.com.br\\\/\"},{\"@type\":\"ListItem\",\"position\":2,\"name\":\"Blog\"}]},{\"@type\":\"WebSite\",\"@id\":\"https:\\\/\\\/mundovascular.com.br\\\/#website\",\"url\":\"https:\\\/\\\/mundovascular.com.br\\\/\",\"name\":\"Dr. \u00cdtalo Abreu\",\"description\":\"M\u00e9dico Crirugi\u00e3o Vascular\",\"publisher\":{\"@id\":\"https:\\\/\\\/mundovascular.com.br\\\/#\\\/schema\\\/person\\\/8cadb04535e5c02d9bb55063e53fef5e\"},\"potentialAction\":[{\"@type\":\"SearchAction\",\"target\":{\"@type\":\"EntryPoint\",\"urlTemplate\":\"https:\\\/\\\/mundovascular.com.br\\\/?s={search_term_string}\"},\"query-input\":{\"@type\":\"PropertyValueSpecification\",\"valueRequired\":true,\"valueName\":\"search_term_string\"}}],\"inLanguage\":\"en-US\"},{\"@type\":[\"Person\",\"Organization\"],\"@id\":\"https:\\\/\\\/mundovascular.com.br\\\/#\\\/schema\\\/person\\\/8cadb04535e5c02d9bb55063e53fef5e\",\"name\":\"mundovascular\",\"image\":{\"@type\":\"ImageObject\",\"inLanguage\":\"en-US\",\"@id\":\"https:\\\/\\\/greenyellow-lyrebird-156652.hostingersite.com\\\/wp-content\\\/uploads\\\/2021\\\/06\\\/italoLOGO.-ATUAL.png\",\"url\":\"https:\\\/\\\/greenyellow-lyrebird-156652.hostingersite.com\\\/wp-content\\\/uploads\\\/2021\\\/06\\\/italoLOGO.-ATUAL.png\",\"contentUrl\":\"https:\\\/\\\/greenyellow-lyrebird-156652.hostingersite.com\\\/wp-content\\\/uploads\\\/2021\\\/06\\\/italoLOGO.-ATUAL.png\",\"width\":842,\"height\":595,\"caption\":\"mundovascular\"},\"logo\":{\"@id\":\"https:\\\/\\\/greenyellow-lyrebird-156652.hostingersite.com\\\/wp-content\\\/uploads\\\/2021\\\/06\\\/italoLOGO.-ATUAL.png\"},\"sameAs\":[\"https:\\\/\\\/greenyellow-lyrebird-156652.hostingersite.com\"]}]}<\/script>\n<!-- \/ Yoast SEO plugin. -->","yoast_head_json":{"title":"Blog - Dr. \u00cdtalo Abreu","description":"O Blog de cirurgia vascular para retirar todas suas d\u00favidas! Nessa pagina voc\u00ea vai encontrar as melhores informa\u00e7\u00f5es em sa\u00fade vascular!","robots":{"index":"index","follow":"follow","max-snippet":"max-snippet:-1","max-image-preview":"max-image-preview:large","max-video-preview":"max-video-preview:-1"},"canonical":"https:\/\/mundovascular.com.br\/?page_id=122","og_locale":"en_US","og_type":"article","og_title":"Blog - Dr. \u00cdtalo Abreu","og_description":"O Blog de cirurgia vascular para retirar todas suas d\u00favidas! Nessa pagina voc\u00ea vai encontrar as melhores informa\u00e7\u00f5es em sa\u00fade vascular!","og_url":"https:\/\/mundovascular.com.br\/?page_id=122","og_site_name":"Dr. \u00cdtalo Abreu","article_modified_time":"2022-05-15T14:14:12+00:00","twitter_card":"summary_large_image","twitter_misc":{"Est. reading time":"1 minute"},"schema":{"@context":"https:\/\/schema.org","@graph":[{"@type":["WebPage","CollectionPage"],"@id":"https:\/\/mundovascular.com.br\/?page_id=122","url":"https:\/\/mundovascular.com.br\/?page_id=122","name":"Blog - Dr. \u00cdtalo Abreu","isPartOf":{"@id":"https:\/\/mundovascular.com.br\/#website"},"datePublished":"2021-06-23T12:39:17+00:00","dateModified":"2022-05-15T14:14:12+00:00","description":"O Blog de cirurgia vascular para retirar todas suas d\u00favidas! Nessa pagina voc\u00ea vai encontrar as melhores informa\u00e7\u00f5es em sa\u00fade vascular!","breadcrumb":{"@id":"https:\/\/mundovascular.com.br\/?page_id=122#breadcrumb"},"inLanguage":"en-US"},{"@type":"BreadcrumbList","@id":"https:\/\/mundovascular.com.br\/?page_id=122#breadcrumb","itemListElement":[{"@type":"ListItem","position":1,"name":"Home","item":"https:\/\/mundovascular.com.br\/"},{"@type":"ListItem","position":2,"name":"Blog"}]},{"@type":"WebSite","@id":"https:\/\/mundovascular.com.br\/#website","url":"https:\/\/mundovascular.com.br\/","name":"Dr. \u00cdtalo Abreu","description":"M\u00e9dico Crirugi\u00e3o Vascular","publisher":{"@id":"https:\/\/mundovascular.com.br\/#\/schema\/person\/8cadb04535e5c02d9bb55063e53fef5e"},"potentialAction":[{"@type":"SearchAction","target":{"@type":"EntryPoint","urlTemplate":"https:\/\/mundovascular.com.br\/?s={search_term_string}"},"query-input":{"@type":"PropertyValueSpecification","valueRequired":true,"valueName":"search_term_string"}}],"inLanguage":"en-US"},{"@type":["Person","Organization"],"@id":"https:\/\/mundovascular.com.br\/#\/schema\/person\/8cadb04535e5c02d9bb55063e53fef5e","name":"mundovascular","image":{"@type":"ImageObject","inLanguage":"en-US","@id":"https:\/\/greenyellow-lyrebird-156652.hostingersite.com\/wp-content\/uploads\/2021\/06\/italoLOGO.-ATUAL.png","url":"https:\/\/greenyellow-lyrebird-156652.hostingersite.com\/wp-content\/uploads\/2021\/06\/italoLOGO.-ATUAL.png","contentUrl":"https:\/\/greenyellow-lyrebird-156652.hostingersite.com\/wp-content\/uploads\/2021\/06\/italoLOGO.-ATUAL.png","width":842,"height":595,"caption":"mundovascular"},"logo":{"@id":"https:\/\/greenyellow-lyrebird-156652.hostingersite.com\/wp-content\/uploads\/2021\/06\/italoLOGO.-ATUAL.png"},"sameAs":["https:\/\/greenyellow-lyrebird-156652.hostingersite.com"]}]}},"_hostinger_reach_plugin_has_subscription_block":false,"_hostinger_reach_plugin_is_elementor":false,"_links":{"self":[{"href":"https:\/\/mundovascular.com.br\/index.php?rest_route=\/wp\/v2\/pages\/122","targetHints":{"allow":["GET"]}}],"collection":[{"href":"https:\/\/mundovascular.com.br\/index.php?rest_route=\/wp\/v2\/pages"}],"about":[{"href":"https:\/\/mundovascular.com.br\/index.php?rest_route=\/wp\/v2\/types\/page"}],"author":[{"embeddable":true,"href":"https:\/\/mundovascular.com.br\/index.php?rest_route=\/wp\/v2\/users\/1"}],"replies":[{"embeddable":true,"href":"https:\/\/mundovascular.com.br\/index.php?rest_route=%2Fwp%2Fv2%2Fcomments&post=122"}],"version-history":[{"count":8,"href":"https:\/\/mundovascular.com.br\/index.php?rest_route=\/wp\/v2\/pages\/122\/revisions"}],"predecessor-version":[{"id":220,"href":"https:\/\/mundovascular.com.br\/index.php?rest_route=\/wp\/v2\/pages\/122\/revisions\/220"}],"wp:attachment":[{"href":"https:\/\/mundovascular.com.br\/index.php?rest_route=%2Fwp%2Fv2%2Fmedia&parent=122"}],"curies":[{"name":"wp","href":"https:\/\/api.w.org\/{rel}","templated":true}]}}